{"id":845,"date":"2025-07-09T10:43:12","date_gmt":"2025-07-09T10:43:12","guid":{"rendered":"http:\/\/esuder.uem.mz\/?page_id=845"},"modified":"2025-11-20T13:20:51","modified_gmt":"2025-11-20T13:20:51","slug":"mestrado-em-agriculrura-sustentavel","status":"publish","type":"page","link":"https:\/\/esuder.uem.mz\/index.php\/mestrado-em-agriculrura-sustentavel\/","title":{"rendered":"Mestrado Em Agriculrura Sustentavel"},"content":{"rendered":"\t\t<div data-elementor-type=\"wp-page\" data-elementor-id=\"845\" class=\"elementor elementor-845\" data-elementor-post-type=\"page\">\n\t\t\t\t<div class=\"elementor-element elementor-element-9dcc3e3 e-flex e-con-boxed e-con e-parent\" data-id=\"9dcc3e3\" data-element_type=\"container\">\n\t\t\t\t\t<div class=\"e-con-inner\">\n\t\t\t\t<div class=\"elementor-element elementor-element-37105ad elementor-widget elementor-widget-heading\" data-id=\"37105ad\" data-element_type=\"widget\" data-widget_type=\"heading.default\">\n\t\t\t\t<div class=\"elementor-widget-container\">\n\t\t\t\t\t<h2 class=\"elementor-heading-title elementor-size-default\">Objectivo<\/h2>\t\t\t\t<\/div>\n\t\t\t\t<\/div>\n\t\t\t\t<div class=\"elementor-element elementor-element-3793188 elementor-widget elementor-widget-text-editor\" data-id=\"3793188\" data-element_type=\"widget\" data-widget_type=\"text-editor.default\">\n\t\t\t\t<div class=\"elementor-widget-container\">\n\t\t\t\t\t\t\t\t\t<p>Formar profissionais capazes de enfrentar os desafios do sector agr\u00e1rio, promovendo a produ\u00e7\u00e3o sustent\u00e1vel e a seguran\u00e7a alimentar em Mo\u00e7ambique<\/p>\t\t\t\t\t\t\t\t<\/div>\n\t\t\t\t<\/div>\n\t\t\t\t\t<\/div>\n\t\t\t\t<\/div>\n\t\t<div class=\"elementor-element elementor-element-7512598 e-flex e-con-boxed e-con e-parent\" data-id=\"7512598\" data-element_type=\"container\">\n\t\t\t\t\t<div class=\"e-con-inner\">\n\t\t\t\t<div class=\"elementor-element elementor-element-1d1e318 elementor-widget elementor-widget-heading\" data-id=\"1d1e318\" data-element_type=\"widget\" data-widget_type=\"heading.default\">\n\t\t\t\t<div class=\"elementor-widget-container\">\n\t\t\t\t\t<h2 class=\"elementor-heading-title elementor-size-default\">Estrutura do curso<\/h2>\t\t\t\t<\/div>\n\t\t\t\t<\/div>\n\t\t\t\t<div class=\"elementor-element elementor-element-c15fcb8 elementor-widget elementor-widget-text-editor\" data-id=\"c15fcb8\" data-element_type=\"widget\" data-widget_type=\"text-editor.default\">\n\t\t\t\t<div class=\"elementor-widget-container\">\n\t\t\t\t\t\t\t\t\t<p>Brevemente<\/p>\t\t\t\t\t\t\t\t<\/div>\n\t\t\t\t<\/div>\n\t\t\t\t\t<\/div>\n\t\t\t\t<\/div>\n\t\t<div class=\"elementor-element elementor-element-a304263 e-flex e-con-boxed e-con e-parent\" data-id=\"a304263\" data-element_type=\"container\">\n\t\t\t\t\t<div class=\"e-con-inner\">\n\t\t<div class=\"elementor-element elementor-element-2b00396 e-con-full e-flex e-con e-child\" data-id=\"2b00396\" data-element_type=\"container\">\n\t\t\t\t<div class=\"elementor-element elementor-element-e6dc789 elementor-widget elementor-widget-heading\" data-id=\"e6dc789\" data-element_type=\"widget\" data-widget_type=\"heading.default\">\n\t\t\t\t<div class=\"elementor-widget-container\">\n\t\t\t\t\t<h2 class=\"elementor-heading-title elementor-size-default\">Requisitos de Admiss\u00e3o<\/h2>\t\t\t\t<\/div>\n\t\t\t\t<\/div>\n\t\t\t\t<div class=\"elementor-element elementor-element-608aac0 elementor-widget elementor-widget-text-editor\" data-id=\"608aac0\" data-element_type=\"widget\" data-widget_type=\"text-editor.default\">\n\t\t\t\t<div class=\"elementor-widget-container\">\n\t\t\t\t\t\t\t\t\t<p>Brevemente<\/p>\t\t\t\t\t\t\t\t<\/div>\n\t\t\t\t<\/div>\n\t\t\t\t<\/div>\n\t\t<div class=\"elementor-element elementor-element-c1a0589 e-con-full e-flex e-con e-child\" data-id=\"c1a0589\" data-element_type=\"container\">\n\t\t\t\t<div class=\"elementor-element elementor-element-dedf715 elementor-widget elementor-widget-heading\" data-id=\"dedf715\" data-element_type=\"widget\" data-widget_type=\"heading.default\">\n\t\t\t\t<div class=\"elementor-widget-container\">\n\t\t\t\t\t<h2 class=\"elementor-heading-title elementor-size-default\">Documenta\u00e7\u00e3o Necess\u00e1ria<\/h2>\t\t\t\t<\/div>\n\t\t\t\t<\/div>\n\t\t\t\t<div class=\"elementor-element elementor-element-99a72b0 elementor-widget elementor-widget-text-editor\" data-id=\"99a72b0\" data-element_type=\"widget\" data-widget_type=\"text-editor.default\">\n\t\t\t\t<div class=\"elementor-widget-container\">\n\t\t\t\t\t\t\t\t\t<p>Requerimento, cartas de recomenda\u00e7\u00e3o, certificado de licenciatura, BI\/DIRE, CV, anteprojecto, carta de motiva\u00e7\u00e3o, tal\u00e3o de dep\u00f3sito (500,00 MT), entre outros.<\/p><p>Baixe aqui:<\/p><ul><li><p><a href=\"https:\/\/esuder.uem.mz\/wp-content\/uploads\/2025\/11\/FICHA_DE_-DESCRICAO_DA_LINHA_DE_PESQUISA.pdf\"><strong>FICHA DE DESCRIC<\/strong><strong>\u0100<\/strong><strong>O DA LINHA DE PESQUISA<\/strong><\/a><\/p><\/li><li><p><a href=\"https:\/\/esuder.uem.mz\/wp-content\/uploads\/2025\/11\/Ficha_de_candidatura.pdf\"><strong>FICHA DE CANDIDATURA<\/strong><\/a><\/p><\/li><\/ul>\t\t\t\t\t\t\t\t<\/div>\n\t\t\t\t<\/div>\n\t\t\t\t<\/div>\n\t\t\t\t\t<\/div>\n\t\t\t\t<\/div>\n\t\t<div class=\"elementor-element elementor-element-6fee1b3 e-flex e-con-boxed e-con e-parent\" data-id=\"6fee1b3\" data-element_type=\"container\">\n\t\t\t\t\t<div class=\"e-con-inner\">\n\t\t<div class=\"elementor-element elementor-element-c20545b e-con-full e-flex e-con e-child\" data-id=\"c20545b\" data-element_type=\"container\">\n\t\t\t\t<div class=\"elementor-element elementor-element-ba34f82 elementor-widget elementor-widget-heading\" data-id=\"ba34f82\" data-element_type=\"widget\" data-widget_type=\"heading.default\">\n\t\t\t\t<div class=\"elementor-widget-container\">\n\t\t\t\t\t<h2 class=\"elementor-heading-title elementor-size-default\">Taxas e Propinas <\/h2>\t\t\t\t<\/div>\n\t\t\t\t<\/div>\n\t\t\t\t<div class=\"elementor-element elementor-element-9f88d1c elementor-widget elementor-widget-text-editor\" data-id=\"9f88d1c\" data-element_type=\"widget\" data-widget_type=\"text-editor.default\">\n\t\t\t\t<div class=\"elementor-widget-container\">\n\t\t\t\t\t\t\t\t\t<ul><li><strong>Matr\u00edcula<\/strong>: 1.750,00 MT<\/li><li><strong>Inscri\u00e7\u00e3o inicial<\/strong>: 7.000,00 MT<\/li><li><strong>Propina Mensal<\/strong>: 9.850,00 MT (durante 20 meses)<\/li><\/ul>\t\t\t\t\t\t\t\t<\/div>\n\t\t\t\t<\/div>\n\t\t\t\t<\/div>\n\t\t<div class=\"elementor-element elementor-element-97c9476 e-con-full e-flex e-con e-child\" data-id=\"97c9476\" data-element_type=\"container\">\n\t\t\t\t<div class=\"elementor-element elementor-element-f25ebdf elementor-widget elementor-widget-heading\" data-id=\"f25ebdf\" data-element_type=\"widget\" data-widget_type=\"heading.default\">\n\t\t\t\t<div class=\"elementor-widget-container\">\n\t\t\t\t\t<h2 class=\"elementor-heading-title elementor-size-default\">Local e Contactos<\/h2>\t\t\t\t<\/div>\n\t\t\t\t<\/div>\n\t\t\t\t<div class=\"elementor-element elementor-element-ee42551 elementor-widget elementor-widget-text-editor\" data-id=\"ee42551\" data-element_type=\"widget\" data-widget_type=\"text-editor.default\">\n\t\t\t\t<div class=\"elementor-widget-container\">\n\t\t\t\t\t\t\t\t\t<p>ESUDER \u2013 Universidade Eduardo Monlane<\/p><p>VilanKulo, Inhambane \u2013 Mo\u00e7ambique<\/p><p>+258 84 8377888 | +258 87 2865368<\/p><p><a href=\"mailto:mestrado.esuder@uem.mz\">mestrado.esuder@uem.mz<\/a><\/p><p>pos-graduacaoesuder@uem.mz<\/p>\t\t\t\t\t\t\t\t<\/div>\n\t\t\t\t<\/div>\n\t\t\t\t<\/div>\n\t\t\t\t\t<\/div>\n\t\t\t\t<\/div>\n\t\t\t\t<\/div>\n\t\t","protected":false},"excerpt":{"rendered":"<p>Objectivo Formar profissionais capazes de enfrentar os desafios do sector agr\u00e1rio, promovendo a produ\u00e7\u00e3o sustent\u00e1vel e a seguran\u00e7a alimentar em [&hellip;]<\/p>\n","protected":false},"author":6,"featured_media":0,"parent":0,"menu_order":0,"comment_status":"closed","ping_status":"closed","template":"","meta":{"site-sidebar-layout":"no-sidebar","site-content-layout":"","ast-site-content-layout":"full-width-container","site-content-style":"default","site-sidebar-style":"default","ast-global-header-display":"","ast-banner-title-visibility":"","ast-main-header-display":"","ast-hfb-above-header-display":"","ast-hfb-below-header-display":"","ast-hfb-mobile-header-display":"","site-post-title":"disabled","ast-breadcrumbs-content":"","ast-featured-img":"disabled","footer-sml-layout":"","theme-transparent-header-meta":"","adv-header-id-meta":"","stick-header-meta":"","header-above-stick-meta":"","header-main-stick-meta":"","header-below-stick-meta":"","astra-migrate-meta-layouts":"default","ast-page-background-enabled":"default","ast-page-background-meta":{"desktop":{"background-color":"var(--ast-global-color-4)","background-image":"","background-repeat":"repeat","background-position":"center center","background-size":"auto","background-attachment":"scroll","background-type":"","background-media":"","overlay-type":"","overlay-color":"","overlay-opacity":"","overlay-gradient":""},"tablet":{"background-color":"","background-image":"","background-repeat":"repeat","background-position":"center center","background-size":"auto","background-attachment":"scroll","background-type":"","background-media":"","overlay-type":"","overlay-color":"","overlay-opacity":"","overlay-gradient":""},"mobile":{"background-color":"","background-image":"","background-repeat":"repeat","background-position":"center center","background-size":"auto","background-attachment":"scroll","background-type":"","background-media":"","overlay-type":"","overlay-color":"","overlay-opacity":"","overlay-gradient":""}},"ast-content-background-meta":{"desktop":{"background-color":"var(--ast-global-color-5)","background-image":"","background-repeat":"repeat","background-position":"center center","background-size":"auto","background-attachment":"scroll","background-type":"","background-media":"","overlay-type":"","overlay-color":"","overlay-opacity":"","overlay-gradient":""},"tablet":{"background-color":"var(--ast-global-color-5)","background-image":"","background-repeat":"repeat","background-position":"center center","background-size":"auto","background-attachment":"scroll","background-type":"","background-media":"","overlay-type":"","overlay-color":"","overlay-opacity":"","overlay-gradient":""},"mobile":{"background-color":"var(--ast-global-color-5)","background-image":"","background-repeat":"repeat","background-position":"center center","background-size":"auto","background-attachment":"scroll","background-type":"","background-media":"","overlay-type":"","overlay-color":"","overlay-opacity":"","overlay-gradient":""}},"footnotes":""},"class_list":["post-845","page","type-page","status-publish","hentry"],"_links":{"self":[{"href":"https:\/\/esuder.uem.mz\/index.php\/wp-json\/wp\/v2\/pages\/845","targetHints":{"allow":["GET"]}}],"collection":[{"href":"https:\/\/esuder.uem.mz\/index.php\/wp-json\/wp\/v2\/pages"}],"about":[{"href":"https:\/\/esuder.uem.mz\/index.php\/wp-json\/wp\/v2\/types\/page"}],"author":[{"embeddable":true,"href":"https:\/\/esuder.uem.mz\/index.php\/wp-json\/wp\/v2\/users\/6"}],"replies":[{"embeddable":true,"href":"https:\/\/esuder.uem.mz\/index.php\/wp-json\/wp\/v2\/comments?post=845"}],"version-history":[{"count":16,"href":"https:\/\/esuder.uem.mz\/index.php\/wp-json\/wp\/v2\/pages\/845\/revisions"}],"predecessor-version":[{"id":1285,"href":"https:\/\/esuder.uem.mz\/index.php\/wp-json\/wp\/v2\/pages\/845\/revisions\/1285"}],"wp:attachment":[{"href":"https:\/\/esuder.uem.mz\/index.php\/wp-json\/wp\/v2\/media?parent=845"}],"curies":[{"name":"wp","href":"https:\/\/api.w.org\/{rel}","templated":true}]}}