{"id":825,"date":"2025-07-09T10:39:16","date_gmt":"2025-07-09T10:39:16","guid":{"rendered":"http:\/\/esuder.uem.mz\/?page_id=825"},"modified":"2026-02-10T05:14:11","modified_gmt":"2026-02-10T05:14:11","slug":"licenciatura-em-producao-pesqueira","status":"publish","type":"page","link":"https:\/\/esuder.uem.mz\/index.php\/licenciatura-em-producao-pesqueira\/","title":{"rendered":"Licenciatura em Produ\u00e7\u00e3o Pesqueira"},"content":{"rendered":"\t\t<div data-elementor-type=\"wp-page\" data-elementor-id=\"825\" class=\"elementor elementor-825\" data-elementor-post-type=\"page\">\n\t\t\t\t<div class=\"elementor-element elementor-element-882b5a6 e-flex e-con-boxed e-con e-parent\" data-id=\"882b5a6\" data-element_type=\"container\">\n\t\t\t\t\t<div class=\"e-con-inner\">\n\t\t\t\t<div class=\"elementor-element elementor-element-d464ff8 elementor-widget elementor-widget-text-editor\" data-id=\"d464ff8\" data-element_type=\"widget\" data-widget_type=\"text-editor.default\">\n\t\t\t\t<div class=\"elementor-widget-container\">\n\t\t\t\t\t\t\t\t\t<p><b>Licenciatura e<\/b>m <strong>Produ\u00e7\u00e3o\u00a0 Pesqueira<\/strong><\/p>\t\t\t\t\t\t\t\t<\/div>\n\t\t\t\t<\/div>\n\t\t\t\t<div class=\"elementor-element elementor-element-3795fa3 elementor-widget elementor-widget-text-editor\" data-id=\"3795fa3\" data-element_type=\"widget\" data-widget_type=\"text-editor.default\">\n\t\t\t\t<div class=\"elementor-widget-container\">\n\t\t\t\t\t\t\t\t\t<p>O Curso de Licenciatura em Produ<span style=\"font-size: 1rem;\">\u00e7\u00e3o<\/span><span style=\"font-size: 1rem;\">&nbsp;Pesqueira<\/span><span style=\"font-style: inherit; font-weight: inherit;\">&nbsp;tem como ponto forte, entre outros, a habilita\u00e7\u00e3o do graduado em conhecimentos pr\u00e1ticos, aplic\u00e1veis para a materializa\u00e7\u00e3o dos programas que visam alcan\u00e7ar os objectivos estrat\u00e9gicos do sector agr\u00e1rio em Mo\u00e7ambique (PEDSA 2022-2030; ENDE 2025-2044 e EDA 2020-2030), nos seguintes dom\u00ednios: (ii) facilitar o acesso \u00e0 terra e espa\u00e7os aqu\u00e1ticos: mapeamento e reserva das zonas potenciais; desenvolvimento de estudos de impactos ambientais; melhoria do quadro legislativo\/normativo dos espa\u00e7os reservados; regulariza\u00e7\u00e3o de infraestruturas (DUAT e TUPEM); (ii) promover o desenvolvimento de infraestruturas-chave de apoio \u00e0 actividade de aquacultura: constru\u00e7\u00e3o e moderniza\u00e7\u00e3o de infraestruturas para produ\u00e7\u00e3o; constru\u00e7\u00e3o de infraestruturas para o processamento e comercializa\u00e7\u00e3o; estabelecimento de unidades de produ\u00e7\u00e3o de ra\u00e7\u00e3o e alevinos; (iii) gerir os recursos aqu\u00edcolas de forma sustent\u00e1vel: licenciamento e monitoriza\u00e7\u00e3o das instala\u00e7\u00f5es; controlo e monitoria de doen\u00e7as; controlo de res\u00edduos e drogas veterin\u00e1rias; aplica\u00e7\u00e3o de normas de biosseguran\u00e7a; sustentabilidade ambiental, mudan\u00e7as clim\u00e1ticas e economia azul: promo\u00e7\u00e3o de uma abordagem integrada que inclua os princ\u00edpios da economia azul e da economia verde; promover o acesso \u00e0 tecnologia: estudo e pesquisas sobre o sector pesqueiro; desenvolvimento de unidades de demonstra\u00e7\u00e3o e assist\u00eancia t\u00e9cnica aos produtores (comunidades, sectores p\u00fablico e privado); parcerias com laborat\u00f3rios e institui\u00e7\u00f5es de ensino.<\/span><\/p>\t\t\t\t\t\t\t\t<\/div>\n\t\t\t\t<\/div>\n\t\t\t\t\t<\/div>\n\t\t\t\t<\/div>\n\t\t<div class=\"elementor-element elementor-element-c82f8a0 e-flex e-con-boxed e-con e-parent\" data-id=\"c82f8a0\" data-element_type=\"container\">\n\t\t\t\t\t<div class=\"e-con-inner\">\n\t\t\t\t<div class=\"elementor-element elementor-element-ec411bf elementor-widget elementor-widget-heading\" data-id=\"ec411bf\" data-element_type=\"widget\" data-widget_type=\"heading.default\">\n\t\t\t\t<div class=\"elementor-widget-container\">\n\t\t\t\t\t<h2 class=\"elementor-heading-title elementor-size-default\"><b>Objectivos do cur<\/b>so<\/h2>\t\t\t\t<\/div>\n\t\t\t\t<\/div>\n\t\t\t\t\t<\/div>\n\t\t\t\t<\/div>\n\t\t<div class=\"elementor-element elementor-element-6451259 e-flex e-con-boxed e-con e-parent\" data-id=\"6451259\" data-element_type=\"container\">\n\t\t\t\t\t<div class=\"e-con-inner\">\n\t\t\t\t<div class=\"elementor-element elementor-element-a5a6fd4 elementor-widget elementor-widget-text-editor\" data-id=\"a5a6fd4\" data-element_type=\"widget\" data-widget_type=\"text-editor.default\">\n\t\t\t\t<div class=\"elementor-widget-container\">\n\t\t\t\t\t\t\t\t\t<p>Formar Licenciados em Produ\u00e7\u00e3o Pesqueira, capazes de desenvolver actividades de produ\u00e7\u00e3o de pescado nas v\u00e1rias vertentes, aplicando t\u00e9cnicas inovadoras na resolu\u00e7\u00e3o de problemas relacionados com a produ\u00e7\u00e3o e processamento do pescado na sociedade.<\/p><p>\u2022 Capacitar o estudante em t\u00e9cnicas de produ\u00e7\u00e3o, conserva\u00e7\u00e3o e processamento do pescado para resolver problemas aqu\u00edcolas;<\/p><p>\u00a0\u2022 Treinar os estudantes sobre mat\u00e9rias de pr\u00e1ticas sustent\u00e1veis de produ\u00e7\u00e3o;<\/p><p>\u00a0\u2022 Fornecer aos estudantes as bases te\u00f3ricas e pr\u00e1ticas para concep\u00e7\u00e3o de projectos de pesquisa que possam promover a cria\u00e7\u00e3o de organismos aqu\u00e1ticos em pequena, m\u00e9dia e larga escala;<\/p><p>\u00a0\u2022 Promover a dissemina\u00e7\u00e3o de conhecimentos para resolu\u00e7\u00e3o de problemas tecnol\u00f3gicos, s\u00f3cio-econ\u00f3micos e organizativos relacionados com a produ\u00e7\u00e3o pesqueira e aqu\u00edcola; e<\/p><p>\u00a0\u2022 Contribuir para a solu\u00e7\u00e3o de problemas sobre a infer\u00eancia dos \u00edndices produtivos e reprodutivos no processo de produ\u00e7\u00e3o pesqueira.<\/p>\t\t\t\t\t\t\t\t<\/div>\n\t\t\t\t<\/div>\n\t\t\t\t\t<\/div>\n\t\t\t\t<\/div>\n\t\t<div class=\"elementor-element elementor-element-aeaf1be e-flex e-con-boxed e-con e-parent\" data-id=\"aeaf1be\" data-element_type=\"container\">\n\t\t\t\t\t<div class=\"e-con-inner\">\n\t\t\t\t<div class=\"elementor-element elementor-element-6ee2f04 elementor-widget elementor-widget-heading\" data-id=\"6ee2f04\" data-element_type=\"widget\" data-widget_type=\"heading.default\">\n\t\t\t\t<div class=\"elementor-widget-container\">\n\t\t\t\t\t<h2 class=\"elementor-heading-title elementor-size-default\"><b>Perfil do Graduado<\/b><\/h2>\t\t\t\t<\/div>\n\t\t\t\t<\/div>\n\t\t\t\t\t<\/div>\n\t\t\t\t<\/div>\n\t\t<div class=\"elementor-element elementor-element-1759691 e-flex e-con-boxed e-con e-parent\" data-id=\"1759691\" data-element_type=\"container\">\n\t\t\t\t\t<div class=\"e-con-inner\">\n\t\t\t\t<div class=\"elementor-element elementor-element-7820b2e elementor-widget elementor-widget-text-editor\" data-id=\"7820b2e\" data-element_type=\"widget\" data-widget_type=\"text-editor.default\">\n\t\t\t\t<div class=\"elementor-widget-container\">\n\t\t\t\t\t\t\t\t\t<p>O graduado do Curso de LPP poder\u00e1 exercer a sua profiss\u00e3o em institui\u00e7\u00f5es p\u00fablicas e\u00a0<span style=\"font-style: inherit; font-weight: inherit;\">privadas, tais como: empresas de consultoria e assist\u00eancia t\u00e9cnica pesqueira; associa\u00e7\u00f5es de\u00a0<\/span><span style=\"font-style: inherit; font-weight: inherit;\">produtores; f\u00e1bricas de produ\u00e7\u00e3o de ra\u00e7\u00e3o; ind\u00fastrias de processamento de pescado e\/ou\u00a0<\/span><span style=\"font-style: inherit; font-weight: inherit;\">ser empreendedor, centros de pesquisa, ensino e extens\u00e3o e empresas ligadas \u00e0 produ\u00e7\u00e3o\u00a0<\/span><span style=\"font-style: inherit; font-weight: inherit;\">pesqueira.<\/span><\/p>\t\t\t\t\t\t\t\t<\/div>\n\t\t\t\t<\/div>\n\t\t\t\t\t<\/div>\n\t\t\t\t<\/div>\n\t\t<div class=\"elementor-element elementor-element-e8ee9dc e-flex e-con-boxed e-con e-parent\" data-id=\"e8ee9dc\" data-element_type=\"container\">\n\t\t\t\t\t<div class=\"e-con-inner\">\n\t\t\t\t<div class=\"elementor-element elementor-element-26a2f13 elementor-widget elementor-widget-heading\" data-id=\"26a2f13\" data-element_type=\"widget\" data-widget_type=\"heading.default\">\n\t\t\t\t<div class=\"elementor-widget-container\">\n\t\t\t\t\t<h2 class=\"elementor-heading-title elementor-size-default\"><b>Perfil <\/b>Profissional do Graduado<\/h2>\t\t\t\t<\/div>\n\t\t\t\t<\/div>\n\t\t\t\t\t<\/div>\n\t\t\t\t<\/div>\n\t\t<div class=\"elementor-element elementor-element-93f887c e-flex e-con-boxed e-con e-parent\" data-id=\"93f887c\" data-element_type=\"container\">\n\t\t\t\t\t<div class=\"e-con-inner\">\n\t\t\t\t<div class=\"elementor-element elementor-element-4993dd1 elementor-widget elementor-widget-text-editor\" data-id=\"4993dd1\" data-element_type=\"widget\" data-widget_type=\"text-editor.default\">\n\t\t\t\t<div class=\"elementor-widget-container\">\n\t\t\t\t\t\t\t\t\t<p>No dom\u00ednio do <b>saber<\/b>, o graduado deve:<\/p><p>&nbsp; <br>\u2022 Discriminar t\u00e9cnicas e tecnologias para a implementa\u00e7\u00e3o de sistemas de produ\u00e7\u00e3o aqu\u00edcola e pesqueiro; <br>\u2022 Dominar os conceitos te\u00f3ricos para a aquacultura sustent\u00e1vel; <br>\u2022 Interpretar os m\u00e9todos de processamento, interpreta\u00e7\u00e3o, integra\u00e7\u00e3o de dados pesqueiros na gest\u00e3o dos recursos pesqueiros e aqu\u00edcolas;<br>\u2022 Dominar os m\u00e9todos e as t\u00e9cnicas adequadas para a pesquisa e explora\u00e7\u00e3o de recursos pesqueiros; <br>\u2022 Orientar os processos de produ\u00e7\u00e3o de ra\u00e7\u00e3o e adaptabilidade dos organismos aqu\u00e1ticos;<\/p><p><br><\/p>\n<p>&nbsp;No dom\u00ednio do <b>saber fazer<\/b>, o graduado deve:<span style=\"font-style: inherit; font-weight: inherit;\">&nbsp;<\/span><\/p><p><span style=\"font-style: inherit; font-weight: inherit;\"><br><\/span><\/p>\n<p>\u2022 Desenvolver planos de produ\u00e7\u00e3o para a implementa\u00e7\u00e3o em diferentes sistemas de produ\u00e7\u00e3o aqu\u00edcola e pesqueiro; <br>\u2022 Aplicar os conceitos te\u00f3ricos na conserva\u00e7\u00e3o, produ\u00e7\u00e3o e processamento do pescado, tendo em conta os princ\u00edpios de sustentabilidade; <br>\u2022 Utilizar as tecnologias modernas de pesquisa de recursos pesqueiros e aqu\u00edcolas para enfrentar os problemas actuais relacionados com produ\u00e7\u00e3o de ra\u00e7\u00e3o e outros insumos na ind\u00fastria pesqueira; <br>\u2022 Formular solu\u00e7\u00f5es para os problemas de produ\u00e7\u00e3o pesqueira e aqu\u00edcola; <br>\u2022 Desenvolver alternativas sustent\u00e1veis de produ\u00e7\u00e3o pesqueira no sector familiar, empresarial e cooperativo.<span style=\"font-style: inherit; font-weight: inherit;\">&nbsp;<\/span><\/p><p><span style=\"font-style: inherit; font-weight: inherit;\"><br><\/span><\/p>\n<p>No dom\u00ednio do <b>saber ser<\/b>, o graduado deve:<span style=\"font-style: inherit; font-weight: inherit;\">&nbsp;<\/span><\/p><p><span style=\"font-style: inherit; font-weight: inherit;\"><br><\/span><\/p>\n<p><span style=\"font-style: inherit; font-weight: inherit;\">\u2022 Trabalhar em equipas multidisciplinares;<\/span><\/p>\n<p><span style=\"font-style: inherit; font-weight: inherit;\">\u2022 Raciocinar de forma l\u00f3gica e apresentar argumentos fundamentados;<\/span><\/p>\n<p>\u2022 Ter um esp\u00edrito inovador e empreendedor; <br>\u2022 Ser criativo em mat\u00e9ria de produ\u00e7\u00e3o culturas e conserva\u00e7\u00e3o dos produtos; <br>\u2022 Ter autonomia intelectual, de lideran\u00e7a na tomada de decis\u00f5es e assun\u00e7\u00e3o de riscos.<\/p>\t\t\t\t\t\t\t\t<\/div>\n\t\t\t\t<\/div>\n\t\t\t\t\t<\/div>\n\t\t\t\t<\/div>\n\t\t<div class=\"elementor-element elementor-element-e9b2f10 e-flex e-con-boxed e-con e-parent\" data-id=\"e9b2f10\" data-element_type=\"container\">\n\t\t\t\t\t<div class=\"e-con-inner\">\n\t\t\t\t<div class=\"elementor-element elementor-element-4a4a16a elementor-widget elementor-widget-heading\" data-id=\"4a4a16a\" data-element_type=\"widget\" data-widget_type=\"heading.default\">\n\t\t\t\t<div class=\"elementor-widget-container\">\n\t\t\t\t\t<h2 class=\"elementor-heading-title elementor-size-default\"><b>Dura<span style=\"font-size: 21px;text-align: justify\">\u00e7\u00e3o<\/span><\/b><\/h2>\t\t\t\t<\/div>\n\t\t\t\t<\/div>\n\t\t\t\t\t<\/div>\n\t\t\t\t<\/div>\n\t\t<div class=\"elementor-element elementor-element-23839dc e-flex e-con-boxed e-con e-parent\" data-id=\"23839dc\" data-element_type=\"container\">\n\t\t\t\t\t<div class=\"e-con-inner\">\n\t\t\t\t<div class=\"elementor-element elementor-element-00f3207 elementor-widget elementor-widget-text-editor\" data-id=\"00f3207\" data-element_type=\"widget\" data-widget_type=\"text-editor.default\">\n\t\t\t\t<div class=\"elementor-widget-container\">\n\t\t\t\t\t\t\t\t\t<p>4 anos<\/p>\t\t\t\t\t\t\t\t<\/div>\n\t\t\t\t<\/div>\n\t\t\t\t\t<\/div>\n\t\t\t\t<\/div>\n\t\t\t\t<\/div>\n\t\t","protected":false},"excerpt":{"rendered":"<p>Licenciatura em Produ\u00e7\u00e3o\u00a0 Pesqueira O Curso de Licenciatura em Produ\u00e7\u00e3o&nbsp;Pesqueira&nbsp;tem como ponto forte, entre outros, a habilita\u00e7\u00e3o do graduado em [&hellip;]<\/p>\n","protected":false},"author":7,"featured_media":0,"parent":0,"menu_order":0,"comment_status":"closed","ping_status":"closed","template":"","meta":{"site-sidebar-layout":"no-sidebar","site-content-layout":"","ast-site-content-layout":"full-width-container","site-content-style":"default","site-sidebar-style":"default","ast-global-header-display":"","ast-banner-title-visibility":"","ast-main-header-display":"","ast-hfb-above-header-display":"","ast-hfb-below-header-display":"","ast-hfb-mobile-header-display":"","site-post-title":"disabled","ast-breadcrumbs-content":"","ast-featured-img":"disabled","footer-sml-layout":"","theme-transparent-header-meta":"","adv-header-id-meta":"","stick-header-meta":"","header-above-stick-meta":"","header-main-stick-meta":"","header-below-stick-meta":"","astra-migrate-meta-layouts":"default","ast-page-background-enabled":"default","ast-page-background-meta":{"desktop":{"background-color":"var(--ast-global-color-4)","background-image":"","background-repeat":"repeat","background-position":"center center","background-size":"auto","background-attachment":"scroll","background-type":"","background-media":"","overlay-type":"","overlay-color":"","overlay-opacity":"","overlay-gradient":""},"tablet":{"background-color":"","background-image":"","background-repeat":"repeat","background-position":"center center","background-size":"auto","background-attachment":"scroll","background-type":"","background-media":"","overlay-type":"","overlay-color":"","overlay-opacity":"","overlay-gradient":""},"mobile":{"background-color":"","background-image":"","background-repeat":"repeat","background-position":"center center","background-size":"auto","background-attachment":"scroll","background-type":"","background-media":"","overlay-type":"","overlay-color":"","overlay-opacity":"","overlay-gradient":""}},"ast-content-background-meta":{"desktop":{"background-color":"var(--ast-global-color-5)","background-image":"","background-repeat":"repeat","background-position":"center center","background-size":"auto","background-attachment":"scroll","background-type":"","background-media":"","overlay-type":"","overlay-color":"","overlay-opacity":"","overlay-gradient":""},"tablet":{"background-color":"var(--ast-global-color-5)","background-image":"","background-repeat":"repeat","background-position":"center center","background-size":"auto","background-attachment":"scroll","background-type":"","background-media":"","overlay-type":"","overlay-color":"","overlay-opacity":"","overlay-gradient":""},"mobile":{"background-color":"var(--ast-global-color-5)","background-image":"","background-repeat":"repeat","background-position":"center center","background-size":"auto","background-attachment":"scroll","background-type":"","background-media":"","overlay-type":"","overlay-color":"","overlay-opacity":"","overlay-gradient":""}},"footnotes":""},"class_list":["post-825","page","type-page","status-publish","hentry"],"_links":{"self":[{"href":"https:\/\/esuder.uem.mz\/index.php\/wp-json\/wp\/v2\/pages\/825","targetHints":{"allow":["GET"]}}],"collection":[{"href":"https:\/\/esuder.uem.mz\/index.php\/wp-json\/wp\/v2\/pages"}],"about":[{"href":"https:\/\/esuder.uem.mz\/index.php\/wp-json\/wp\/v2\/types\/page"}],"author":[{"embeddable":true,"href":"https:\/\/esuder.uem.mz\/index.php\/wp-json\/wp\/v2\/users\/7"}],"replies":[{"embeddable":true,"href":"https:\/\/esuder.uem.mz\/index.php\/wp-json\/wp\/v2\/comments?post=825"}],"version-history":[{"count":17,"href":"https:\/\/esuder.uem.mz\/index.php\/wp-json\/wp\/v2\/pages\/825\/revisions"}],"predecessor-version":[{"id":1308,"href":"https:\/\/esuder.uem.mz\/index.php\/wp-json\/wp\/v2\/pages\/825\/revisions\/1308"}],"wp:attachment":[{"href":"https:\/\/esuder.uem.mz\/index.php\/wp-json\/wp\/v2\/media?parent=825"}],"curies":[{"name":"wp","href":"https:\/\/api.w.org\/{rel}","templated":true}]}}