{"id":561,"date":"2024-09-12T09:46:28","date_gmt":"2024-09-12T09:46:28","guid":{"rendered":"https:\/\/esnec.ghost.uem.mz\/?page_id=561"},"modified":"2024-09-12T09:51:28","modified_gmt":"2024-09-12T09:51:28","slug":"noticias","status":"publish","type":"page","link":"https:\/\/esuder.uem.mz\/index.php\/noticias\/","title":{"rendered":"Eventos e Not\u00edcias"},"content":{"rendered":"\t\t<div data-elementor-type=\"wp-page\" data-elementor-id=\"561\" class=\"elementor elementor-561\" data-elementor-post-type=\"page\">\n\t\t\t\t<div class=\"elementor-element elementor-element-ed79cd6 e-flex e-con-boxed e-con e-parent\" data-id=\"ed79cd6\" data-element_type=\"container\">\n\t\t\t\t\t<div class=\"e-con-inner\">\n\t\t\t\t<div class=\"elementor-element elementor-element-967663a elementor-grid-3 elementor-grid-tablet-2 elementor-grid-mobile-1 elementor-posts--thumbnail-top elementor-card-shadow-yes elementor-posts__hover-gradient elementor-widget elementor-widget-posts\" data-id=\"967663a\" data-element_type=\"widget\" data-settings=\"{&quot;cards_columns&quot;:&quot;3&quot;,&quot;cards_columns_tablet&quot;:&quot;2&quot;,&quot;cards_columns_mobile&quot;:&quot;1&quot;,&quot;cards_row_gap&quot;:{&quot;unit&quot;:&quot;px&quot;,&quot;size&quot;:35,&quot;sizes&quot;:[]},&quot;cards_row_gap_tablet&quot;:{&quot;unit&quot;:&quot;px&quot;,&quot;size&quot;:&quot;&quot;,&quot;sizes&quot;:[]},&quot;cards_row_gap_mobile&quot;:{&quot;unit&quot;:&quot;px&quot;,&quot;size&quot;:&quot;&quot;,&quot;sizes&quot;:[]}}\" data-widget_type=\"posts.cards\">\n\t\t\t\t<div class=\"elementor-widget-container\">\n\t\t\t\t\t\t\t<div class=\"elementor-posts-container elementor-posts elementor-posts--skin-cards elementor-grid\">\n\t\t\t\t<article class=\"elementor-post elementor-grid-item post-1478 post type-post status-publish format-standard hentry category-noticias\">\n\t\t\t<div class=\"elementor-post__card\">\n\t\t\t\t<div class=\"elementor-post__text\">\n\t\t\t\t<h3 class=\"elementor-post__title\">\n\t\t\t<a href=\"https:\/\/esuder.uem.mz\/index.php\/2026\/02\/18\/altercao-do-prazo-das-inscricoes-para-o-1o-semestre-de-2026-foi-adiada-para-21-de-fevereiro-para-os-estudantes-ingressos-em-2025-e-anos-anteriores\/\" >\n\t\t\t\tAltera\u00e7\u00e3o do prazo das Inscri\u00e7\u00f5es para o 1\u00ba Semestre de 2026 foi adiada para 21 de fevereiro para os estudantes ingressos em 2025 e anos anteriores\t\t\t<\/a>\n\t\t<\/h3>\n\t\t\t\t<div class=\"elementor-post__excerpt\">\n\t\t\t\t\t<\/div>\n\t\t\n\t\t<a class=\"elementor-post__read-more\" href=\"https:\/\/esuder.uem.mz\/index.php\/2026\/02\/18\/altercao-do-prazo-das-inscricoes-para-o-1o-semestre-de-2026-foi-adiada-para-21-de-fevereiro-para-os-estudantes-ingressos-em-2025-e-anos-anteriores\/\" aria-label=\"Read more about Altera\u00e7\u00e3o do prazo das Inscri\u00e7\u00f5es para o 1\u00ba Semestre de 2026 foi adiada para 21 de fevereiro para os estudantes ingressos em 2025 e anos anteriores\" tabindex=\"-1\" >\n\t\t\tLer mais\u00bb\t\t<\/a>\n\n\t\t\t\t<\/div>\n\t\t\t\t<div class=\"elementor-post__meta-data\">\n\t\t\t\t\t<span class=\"elementor-post-date\">\n\t\t\tFevereiro 18, 2026\t\t<\/span>\n\t\t\t\t<span class=\"elementor-post-avatar\">\n\t\t\tSem coment\u00e1rios\t\t<\/span>\n\t\t\t\t<\/div>\n\t\t\t\t\t<\/div>\n\t\t<\/article>\n\t\t\t\t<article class=\"elementor-post elementor-grid-item post-1476 post type-post status-publish format-standard hentry category-noticias\">\n\t\t\t<div class=\"elementor-post__card\">\n\t\t\t\t<div class=\"elementor-post__text\">\n\t\t\t\t<h3 class=\"elementor-post__title\">\n\t\t\t<a href=\"https:\/\/esuder.uem.mz\/index.php\/2026\/02\/18\/inicio-das-aulas-23-de-fevereiro-de-2026\/\" >\n\t\t\t\tInicio Das Aulas Do 1\u00ba Semestre De 2026 Para Todos Ingressos\t\t\t<\/a>\n\t\t<\/h3>\n\t\t\t\t<div class=\"elementor-post__excerpt\">\n\t\t\t\t\t<\/div>\n\t\t\n\t\t<a class=\"elementor-post__read-more\" href=\"https:\/\/esuder.uem.mz\/index.php\/2026\/02\/18\/inicio-das-aulas-23-de-fevereiro-de-2026\/\" aria-label=\"Read more about Inicio Das Aulas Do 1\u00ba Semestre De 2026 Para Todos Ingressos\" tabindex=\"-1\" >\n\t\t\tLer mais\u00bb\t\t<\/a>\n\n\t\t\t\t<\/div>\n\t\t\t\t<div class=\"elementor-post__meta-data\">\n\t\t\t\t\t<span class=\"elementor-post-date\">\n\t\t\tFevereiro 18, 2026\t\t<\/span>\n\t\t\t\t<span class=\"elementor-post-avatar\">\n\t\t\tSem coment\u00e1rios\t\t<\/span>\n\t\t\t\t<\/div>\n\t\t\t\t\t<\/div>\n\t\t<\/article>\n\t\t\t\t<article class=\"elementor-post elementor-grid-item post-1256 post type-post status-publish format-standard hentry category-noticias\">\n\t\t\t<div class=\"elementor-post__card\">\n\t\t\t\t<div class=\"elementor-post__text\">\n\t\t\t\t<h3 class=\"elementor-post__title\">\n\t\t\t<a href=\"https:\/\/esuder.uem.mz\/index.php\/2025\/11\/11\/mestrado-em-agricultura-sustentavel\/\" >\n\t\t\t\tMestrado Em Agricultura Sustent\u00e1vel\t\t\t<\/a>\n\t\t<\/h3>\n\t\t\t\t<div class=\"elementor-post__excerpt\">\n\t\t\t\t\t<\/div>\n\t\t\n\t\t<a class=\"elementor-post__read-more\" href=\"https:\/\/esuder.uem.mz\/index.php\/2025\/11\/11\/mestrado-em-agricultura-sustentavel\/\" aria-label=\"Read more about Mestrado Em Agricultura Sustent\u00e1vel\" tabindex=\"-1\" >\n\t\t\tLer mais\u00bb\t\t<\/a>\n\n\t\t\t\t<\/div>\n\t\t\t\t<div class=\"elementor-post__meta-data\">\n\t\t\t\t\t<span class=\"elementor-post-date\">\n\t\t\tNovembro 11, 2025\t\t<\/span>\n\t\t\t\t<span class=\"elementor-post-avatar\">\n\t\t\tSem coment\u00e1rios\t\t<\/span>\n\t\t\t\t<\/div>\n\t\t\t\t\t<\/div>\n\t\t<\/article>\n\t\t\t\t<article class=\"elementor-post elementor-grid-item post-1112 post type-post status-publish format-standard has-post-thumbnail hentry category-noticias\">\n\t\t\t<div class=\"elementor-post__card\">\n\t\t\t\t<a class=\"elementor-post__thumbnail__link\" href=\"https:\/\/esuder.uem.mz\/index.php\/2025\/09\/16\/cerimonia-de-graduacao-2025\/\" tabindex=\"-1\" ><div class=\"elementor-post__thumbnail\"><img fetchpriority=\"high\" decoding=\"async\" width=\"300\" height=\"200\" src=\"https:\/\/esuder.uem.mz\/wp-content\/uploads\/2025\/09\/IMG_3347-300x200.jpg\" class=\"attachment-medium size-medium wp-image-1115\" alt=\"\" srcset=\"https:\/\/esuder.uem.mz\/wp-content\/uploads\/2025\/09\/IMG_3347-300x200.jpg 300w, https:\/\/esuder.uem.mz\/wp-content\/uploads\/2025\/09\/IMG_3347-1024x683.jpg 1024w, https:\/\/esuder.uem.mz\/wp-content\/uploads\/2025\/09\/IMG_3347-768x512.jpg 768w, https:\/\/esuder.uem.mz\/wp-content\/uploads\/2025\/09\/IMG_3347-1536x1024.jpg 1536w, https:\/\/esuder.uem.mz\/wp-content\/uploads\/2025\/09\/IMG_3347-2048x1365.jpg 2048w\" sizes=\"(max-width: 300px) 100vw, 300px\" \/><\/div><\/a>\n\t\t\t\t<div class=\"elementor-post__badge\">Not\u00edcias<\/div>\n\t\t\t\t<div class=\"elementor-post__text\">\n\t\t\t\t<h3 class=\"elementor-post__title\">\n\t\t\t<a href=\"https:\/\/esuder.uem.mz\/index.php\/2025\/09\/16\/cerimonia-de-graduacao-2025\/\" >\n\t\t\t\tCerim\u00f3nia de Gradua\u00e7\u00e3o 2025\t\t\t<\/a>\n\t\t<\/h3>\n\t\t\t\t<div class=\"elementor-post__excerpt\">\n\t\t\t<p>ESUDER gradua 115 t\u00e9cnicos superiores em desenvolvimento rural<br \/>\nA Escola Superior de Desenvolvimento Rural da UEM (ESUDER), localizada em Vilankulo, prov\u00edncia de Inhambane, acaba de colocar, no mercado de trabalho, 115 licenciados em diferentes especialidades do desenvolvimento rural. Trata-se de cursos de Agro-processamento, Comunica\u00e7\u00e3o e Extens\u00e3o Rural, Engenharia Rural, Produ\u00e7\u00e3o Animal, Produ\u00e7\u00e3o Agr\u00edcola, Produ\u00e7\u00e3o Pesqueira e Economia Agr\u00e1ria.<br \/>\nUm dado de grande relev\u00e2ncia nesta XIV cerim\u00f3nia \u00e9 que 56% dos graduados s\u00e3o mulheres, facto que ganha especial significado por se tratar de \u00e1reas ligadas \u00e0s ci\u00eancias, engenharias e tecnologias, tradicionalmente associadas ao dom\u00ednio masculino. Este marco contribui para desconstruir estere\u00f3tipos de g\u00e9nero e refor\u00e7a o papel das mulheres na inova\u00e7\u00e3o e no desenvolvimento rural sustent\u00e1vel.<\/p>\n\t\t<\/div>\n\t\t\n\t\t<a class=\"elementor-post__read-more\" href=\"https:\/\/esuder.uem.mz\/index.php\/2025\/09\/16\/cerimonia-de-graduacao-2025\/\" aria-label=\"Read more about Cerim\u00f3nia de Gradua\u00e7\u00e3o 2025\" tabindex=\"-1\" >\n\t\t\tLer mais\u00bb\t\t<\/a>\n\n\t\t\t\t<\/div>\n\t\t\t\t<div class=\"elementor-post__meta-data\">\n\t\t\t\t\t<span class=\"elementor-post-date\">\n\t\t\tSetembro 16, 2025\t\t<\/span>\n\t\t\t\t<span class=\"elementor-post-avatar\">\n\t\t\t1 coment\u00e1rio\t\t<\/span>\n\t\t\t\t<\/div>\n\t\t\t\t\t<\/div>\n\t\t<\/article>\n\t\t\t\t<article class=\"elementor-post elementor-grid-item post-894 post type-post status-publish format-standard has-post-thumbnail hentry category-noticias\">\n\t\t\t<div class=\"elementor-post__card\">\n\t\t\t\t<a class=\"elementor-post__thumbnail__link\" href=\"https:\/\/esuder.uem.mz\/index.php\/2025\/07\/09\/renovacao-de-matricula-2026\/\" tabindex=\"-1\" ><div class=\"elementor-post__thumbnail\"><img decoding=\"async\" width=\"300\" height=\"169\" src=\"https:\/\/esuder.uem.mz\/wp-content\/uploads\/2025\/07\/esuder-300x169.jpg\" class=\"attachment-medium size-medium wp-image-895\" alt=\"\" srcset=\"https:\/\/esuder.uem.mz\/wp-content\/uploads\/2025\/07\/esuder-300x169.jpg 300w, https:\/\/esuder.uem.mz\/wp-content\/uploads\/2025\/07\/esuder-1024x577.jpg 1024w, https:\/\/esuder.uem.mz\/wp-content\/uploads\/2025\/07\/esuder-768x432.jpg 768w, https:\/\/esuder.uem.mz\/wp-content\/uploads\/2025\/07\/esuder-1536x865.jpg 1536w, https:\/\/esuder.uem.mz\/wp-content\/uploads\/2025\/07\/esuder.jpg 2048w\" sizes=\"(max-width: 300px) 100vw, 300px\" \/><\/div><\/a>\n\t\t\t\t<div class=\"elementor-post__badge\">Not\u00edcias<\/div>\n\t\t\t\t<div class=\"elementor-post__text\">\n\t\t\t\t<h3 class=\"elementor-post__title\">\n\t\t\t<a href=\"https:\/\/esuder.uem.mz\/index.php\/2025\/07\/09\/renovacao-de-matricula-2026\/\" >\n\t\t\t\tRenova\u00e7\u00e3o de matricula 2027\t\t\t<\/a>\n\t\t<\/h3>\n\t\t\t\t<div class=\"elementor-post__excerpt\">\n\t\t\t<p>Brevemente Inicia a Renova\u00e7\u00e3o de matriculas 2027<\/p>\n\t\t<\/div>\n\t\t\n\t\t<a class=\"elementor-post__read-more\" href=\"https:\/\/esuder.uem.mz\/index.php\/2025\/07\/09\/renovacao-de-matricula-2026\/\" aria-label=\"Read more about Renova\u00e7\u00e3o de matricula 2027\" tabindex=\"-1\" >\n\t\t\tLer mais\u00bb\t\t<\/a>\n\n\t\t\t\t<\/div>\n\t\t\t\t<div class=\"elementor-post__meta-data\">\n\t\t\t\t\t<span class=\"elementor-post-date\">\n\t\t\tJulho 9, 2025\t\t<\/span>\n\t\t\t\t<span class=\"elementor-post-avatar\">\n\t\t\tSem coment\u00e1rios\t\t<\/span>\n\t\t\t\t<\/div>\n\t\t\t\t\t<\/div>\n\t\t<\/article>\n\t\t\t\t<article class=\"elementor-post elementor-grid-item post-187 post type-post status-publish format-standard has-post-thumbnail hentry category-noticias\">\n\t\t\t<div class=\"elementor-post__card\">\n\t\t\t\t<a class=\"elementor-post__thumbnail__link\" href=\"https:\/\/esuder.uem.mz\/index.php\/2024\/09\/07\/mobilidade-de-estudante-na-universidade-de-lisboa-portugal-ano-2024-2025\/\" tabindex=\"-1\" ><div class=\"elementor-post__thumbnail\"><img decoding=\"async\" width=\"300\" height=\"127\" src=\"https:\/\/esuder.uem.mz\/wp-content\/uploads\/2024\/09\/RecepcaoestudantesKalisz1.jpg\" class=\"attachment-medium size-medium wp-image-189\" alt=\"\" \/><\/div><\/a>\n\t\t\t\t<div class=\"elementor-post__badge\">Not\u00edcias<\/div>\n\t\t\t\t<div class=\"elementor-post__text\">\n\t\t\t\t<h3 class=\"elementor-post__title\">\n\t\t\t<a href=\"https:\/\/esuder.uem.mz\/index.php\/2024\/09\/07\/mobilidade-de-estudante-na-universidade-de-lisboa-portugal-ano-2024-2025\/\" >\n\t\t\t\tMobilidade de Estudante na Universidade de Lisboa \u2013 Portugal (ano 2024\/2025)\t\t\t<\/a>\n\t\t<\/h3>\n\t\t\t\t<div class=\"elementor-post__excerpt\">\n\t\t\t<p>No \u00e2mbito do Programa Erasmus+ (Key Action 171), a Universidade de Lisboa (Portugal) tem dispon\u00edveis fundos para financiar 1 estudante da Universidade Eduardo Mondlane (UEM) para fazer mobilidade acad\u00e9mica para aquisi\u00e7\u00e3o de cr\u00e9ditos acad\u00e9micos Para mais detalhes veja o documento a seguir:<\/p>\n\t\t<\/div>\n\t\t\n\t\t<a class=\"elementor-post__read-more\" href=\"https:\/\/esuder.uem.mz\/index.php\/2024\/09\/07\/mobilidade-de-estudante-na-universidade-de-lisboa-portugal-ano-2024-2025\/\" aria-label=\"Read more about Mobilidade de Estudante na Universidade de Lisboa \u2013 Portugal (ano 2024\/2025)\" tabindex=\"-1\" >\n\t\t\tLer mais\u00bb\t\t<\/a>\n\n\t\t\t\t<\/div>\n\t\t\t\t<div class=\"elementor-post__meta-data\">\n\t\t\t\t\t<span class=\"elementor-post-date\">\n\t\t\tSetembro 7, 2024\t\t<\/span>\n\t\t\t\t<span class=\"elementor-post-avatar\">\n\t\t\tSem coment\u00e1rios\t\t<\/span>\n\t\t\t\t<\/div>\n\t\t\t\t\t<\/div>\n\t\t<\/article>\n\t\t\t\t<\/div>\n\t\t\n\t\t\t\t\t\t<\/div>\n\t\t\t\t<\/div>\n\t\t\t\t\t<\/div>\n\t\t\t\t<\/div>\n\t\t\t\t<\/div>\n\t\t","protected":false},"excerpt":{"rendered":"","protected":false},"author":1,"featured_media":0,"parent":0,"menu_order":0,"comment_status":"closed","ping_status":"closed","template":"","meta":{"site-sidebar-layout":"no-sidebar","site-content-layout":"","ast-site-content-layout":"full-width-container","site-content-style":"default","site-sidebar-style":"default","ast-global-header-display":"","ast-banner-title-visibility":"","ast-main-header-display":"","ast-hfb-above-header-display":"","ast-hfb-below-header-display":"","ast-hfb-mobile-header-display":"","site-post-title":"disabled","ast-breadcrumbs-content":"","ast-featured-img":"disabled","footer-sml-layout":"","theme-transparent-header-meta":"","adv-header-id-meta":"","stick-header-meta":"","header-above-stick-meta":"","header-main-stick-meta":"","header-below-stick-meta":"","astra-migrate-meta-layouts":"default","ast-page-background-enabled":"default","ast-page-background-meta":{"desktop":{"background-color":"var(--ast-global-color-4)","background-image":"","background-repeat":"repeat","background-position":"center center","background-size":"auto","background-attachment":"scroll","background-type":"","background-media":"","overlay-type":"","overlay-color":"","overlay-opacity":"","overlay-gradient":""},"tablet":{"background-color":"","background-image":"","background-repeat":"repeat","background-position":"center center","background-size":"auto","background-attachment":"scroll","background-type":"","background-media":"","overlay-type":"","overlay-color":"","overlay-opacity":"","overlay-gradient":""},"mobile":{"background-color":"","background-image":"","background-repeat":"repeat","background-position":"center center","background-size":"auto","background-attachment":"scroll","background-type":"","background-media":"","overlay-type":"","overlay-color":"","overlay-opacity":"","overlay-gradient":""}},"ast-content-background-meta":{"desktop":{"background-color":"var(--ast-global-color-5)","background-image":"","background-repeat":"repeat","background-position":"center center","background-size":"auto","background-attachment":"scroll","background-type":"","background-media":"","overlay-type":"","overlay-color":"","overlay-opacity":"","overlay-gradient":""},"tablet":{"background-color":"var(--ast-global-color-5)","background-image":"","background-repeat":"repeat","background-position":"center center","background-size":"auto","background-attachment":"scroll","background-type":"","background-media":"","overlay-type":"","overlay-color":"","overlay-opacity":"","overlay-gradient":""},"mobile":{"background-color":"var(--ast-global-color-5)","background-image":"","background-repeat":"repeat","background-position":"center center","background-size":"auto","background-attachment":"scroll","background-type":"","background-media":"","overlay-type":"","overlay-color":"","overlay-opacity":"","overlay-gradient":""}},"footnotes":""},"class_list":["post-561","page","type-page","status-publish","hentry"],"_links":{"self":[{"href":"https:\/\/esuder.uem.mz\/index.php\/wp-json\/wp\/v2\/pages\/561","targetHints":{"allow":["GET"]}}],"collection":[{"href":"https:\/\/esuder.uem.mz\/index.php\/wp-json\/wp\/v2\/pages"}],"about":[{"href":"https:\/\/esuder.uem.mz\/index.php\/wp-json\/wp\/v2\/types\/page"}],"author":[{"embeddable":true,"href":"https:\/\/esuder.uem.mz\/index.php\/wp-json\/wp\/v2\/users\/1"}],"replies":[{"embeddable":true,"href":"https:\/\/esuder.uem.mz\/index.php\/wp-json\/wp\/v2\/comments?post=561"}],"version-history":[{"count":5,"href":"https:\/\/esuder.uem.mz\/index.php\/wp-json\/wp\/v2\/pages\/561\/revisions"}],"predecessor-version":[{"id":566,"href":"https:\/\/esuder.uem.mz\/index.php\/wp-json\/wp\/v2\/pages\/561\/revisions\/566"}],"wp:attachment":[{"href":"https:\/\/esuder.uem.mz\/index.php\/wp-json\/wp\/v2\/media?parent=561"}],"curies":[{"name":"wp","href":"https:\/\/api.w.org\/{rel}","templated":true}]}}